{"id":69,"date":"2018-08-28T11:45:15","date_gmt":"2018-08-28T09:45:15","guid":{"rendered":"http:\/\/oekosuchmaschine.de\/magazin\/?page_id=69"},"modified":"2019-06-28T08:30:56","modified_gmt":"2019-06-28T06:30:56","slug":"home","status":"publish","type":"page","link":"https:\/\/www.oekosuchmaschine.de\/magazin\/","title":{"rendered":"Home"},"content":{"rendered":"","protected":false},"excerpt":{"rendered":"<div class=\"mh-excerpt\"><\/div>","protected":false},"author":1,"featured_media":0,"parent":0,"menu_order":0,"comment_status":"closed","ping_status":"closed","template":"template-homepage.php","meta":{"footnotes":""},"class_list":["post-69","page","type-page","status-publish"],"yoast_head":"<!-- This site is optimized with the Yoast SEO plugin v25.0 - https:\/\/yoast.com\/wordpress\/plugins\/seo\/ -->\n<title>\u00d6ko-Magazin | Das Wissensmagazin von \u00d6kosuchmaschine.de<\/title>\n<meta name=\"description\" content=\"lll\u27a4 \u00d6ko-Magazin | Das Wissensmagazin von \u00d6kosuchmaschine.de mit aktuellen \u00d6ko-NEWS aus Deutschland und der Welt \u27a4 Jetzt kostenfrei lesen &gt;&gt;\" \/>\n<meta name=\"robots\" content=\"index, follow, max-snippet:-1, max-image-preview:large, max-video-preview:-1\" \/>\n<link rel=\"canonical\" href=\"https:\/\/www.oekosuchmaschine.de\/magazin\/\" \/>\n<meta property=\"og:locale\" content=\"de_DE\" \/>\n<meta property=\"og:type\" content=\"article\" \/>\n<meta property=\"og:title\" content=\"\u00d6ko-Magazin | Das Wissensmagazin von \u00d6kosuchmaschine.de\" \/>\n<meta property=\"og:description\" content=\"lll\u27a4 \u00d6ko-Magazin | Das Wissensmagazin von \u00d6kosuchmaschine.de mit aktuellen \u00d6ko-NEWS aus Deutschland und der Welt \u27a4 Jetzt kostenfrei lesen &gt;&gt;\" \/>\n<meta property=\"og:url\" content=\"https:\/\/www.oekosuchmaschine.de\/magazin\/\" \/>\n<meta property=\"og:site_name\" content=\"\u00d6ko-Magazin\" \/>\n<meta property=\"article:modified_time\" content=\"2019-06-28T06:30:56+00:00\" \/>\n<meta name=\"twitter:card\" content=\"summary_large_image\" \/>\n<script type=\"application\/ld+json\" class=\"yoast-schema-graph\">{\"@context\":\"https:\/\/schema.org\",\"@graph\":[{\"@type\":\"WebPage\",\"@id\":\"https:\/\/www.oekosuchmaschine.de\/magazin\/\",\"url\":\"https:\/\/www.oekosuchmaschine.de\/magazin\/\",\"name\":\"\u00d6ko-Magazin | Das Wissensmagazin von \u00d6kosuchmaschine.de\",\"isPartOf\":{\"@id\":\"https:\/\/www.oekosuchmaschine.de\/magazin\/#website\"},\"datePublished\":\"2018-08-28T09:45:15+00:00\",\"dateModified\":\"2019-06-28T06:30:56+00:00\",\"description\":\"lll\u27a4 \u00d6ko-Magazin | Das Wissensmagazin von \u00d6kosuchmaschine.de mit aktuellen \u00d6ko-NEWS aus Deutschland und der Welt \u27a4 Jetzt kostenfrei lesen >>\",\"breadcrumb\":{\"@id\":\"https:\/\/www.oekosuchmaschine.de\/magazin\/#breadcrumb\"},\"inLanguage\":\"de\",\"potentialAction\":[{\"@type\":\"ReadAction\",\"target\":[\"https:\/\/www.oekosuchmaschine.de\/magazin\/\"]}]},{\"@type\":\"BreadcrumbList\",\"@id\":\"https:\/\/www.oekosuchmaschine.de\/magazin\/#breadcrumb\",\"itemListElement\":[{\"@type\":\"ListItem\",\"position\":1,\"name\":\"Startseite\",\"item\":\"https:\/\/www.oekosuchmaschine.de\/magazin\/\"},{\"@type\":\"ListItem\",\"position\":2,\"name\":\"Home\"}]},{\"@type\":\"WebSite\",\"@id\":\"https:\/\/www.oekosuchmaschine.de\/magazin\/#website\",\"url\":\"https:\/\/www.oekosuchmaschine.de\/magazin\/\",\"name\":\"\u00d6ko-Magazin\",\"description\":\"Das offizielle Wissensmagazin von \u00d6kosuchmaschine.de\",\"publisher\":{\"@id\":\"https:\/\/www.oekosuchmaschine.de\/magazin\/#organization\"},\"potentialAction\":[{\"@type\":\"SearchAction\",\"target\":{\"@type\":\"EntryPoint\",\"urlTemplate\":\"https:\/\/www.oekosuchmaschine.de\/magazin\/?s={search_term_string}\"},\"query-input\":{\"@type\":\"PropertyValueSpecification\",\"valueRequired\":true,\"valueName\":\"search_term_string\"}}],\"inLanguage\":\"de\"},{\"@type\":\"Organization\",\"@id\":\"https:\/\/www.oekosuchmaschine.de\/magazin\/#organization\",\"name\":\"\u00d6ko-Magazin\",\"url\":\"https:\/\/www.oekosuchmaschine.de\/magazin\/\",\"logo\":{\"@type\":\"ImageObject\",\"inLanguage\":\"de\",\"@id\":\"https:\/\/www.oekosuchmaschine.de\/magazin\/#\/schema\/logo\/image\/\",\"url\":\"https:\/\/www.oekosuchmaschine.de\/magazin\/wp-content\/uploads\/2019\/01\/Logo-Magazin-NEU2-klein1.png\",\"contentUrl\":\"https:\/\/www.oekosuchmaschine.de\/magazin\/wp-content\/uploads\/2019\/01\/Logo-Magazin-NEU2-klein1.png\",\"width\":519,\"height\":90,\"caption\":\"\u00d6ko-Magazin\"},\"image\":{\"@id\":\"https:\/\/www.oekosuchmaschine.de\/magazin\/#\/schema\/logo\/image\/\"}}]}<\/script>\n<!-- \/ Yoast SEO plugin. -->","yoast_head_json":{"title":"\u00d6ko-Magazin | Das Wissensmagazin von \u00d6kosuchmaschine.de","description":"lll\u27a4 \u00d6ko-Magazin | Das Wissensmagazin von \u00d6kosuchmaschine.de mit aktuellen \u00d6ko-NEWS aus Deutschland und der Welt \u27a4 Jetzt kostenfrei lesen >>","robots":{"index":"index","follow":"follow","max-snippet":"max-snippet:-1","max-image-preview":"max-image-preview:large","max-video-preview":"max-video-preview:-1"},"canonical":"https:\/\/www.oekosuchmaschine.de\/magazin\/","og_locale":"de_DE","og_type":"article","og_title":"\u00d6ko-Magazin | Das Wissensmagazin von \u00d6kosuchmaschine.de","og_description":"lll\u27a4 \u00d6ko-Magazin | Das Wissensmagazin von \u00d6kosuchmaschine.de mit aktuellen \u00d6ko-NEWS aus Deutschland und der Welt \u27a4 Jetzt kostenfrei lesen >>","og_url":"https:\/\/www.oekosuchmaschine.de\/magazin\/","og_site_name":"\u00d6ko-Magazin","article_modified_time":"2019-06-28T06:30:56+00:00","twitter_card":"summary_large_image","schema":{"@context":"https:\/\/schema.org","@graph":[{"@type":"WebPage","@id":"https:\/\/www.oekosuchmaschine.de\/magazin\/","url":"https:\/\/www.oekosuchmaschine.de\/magazin\/","name":"\u00d6ko-Magazin | Das Wissensmagazin von \u00d6kosuchmaschine.de","isPartOf":{"@id":"https:\/\/www.oekosuchmaschine.de\/magazin\/#website"},"datePublished":"2018-08-28T09:45:15+00:00","dateModified":"2019-06-28T06:30:56+00:00","description":"lll\u27a4 \u00d6ko-Magazin | Das Wissensmagazin von \u00d6kosuchmaschine.de mit aktuellen \u00d6ko-NEWS aus Deutschland und der Welt \u27a4 Jetzt kostenfrei lesen >>","breadcrumb":{"@id":"https:\/\/www.oekosuchmaschine.de\/magazin\/#breadcrumb"},"inLanguage":"de","potentialAction":[{"@type":"ReadAction","target":["https:\/\/www.oekosuchmaschine.de\/magazin\/"]}]},{"@type":"BreadcrumbList","@id":"https:\/\/www.oekosuchmaschine.de\/magazin\/#breadcrumb","itemListElement":[{"@type":"ListItem","position":1,"name":"Startseite","item":"https:\/\/www.oekosuchmaschine.de\/magazin\/"},{"@type":"ListItem","position":2,"name":"Home"}]},{"@type":"WebSite","@id":"https:\/\/www.oekosuchmaschine.de\/magazin\/#website","url":"https:\/\/www.oekosuchmaschine.de\/magazin\/","name":"\u00d6ko-Magazin","description":"Das offizielle Wissensmagazin von \u00d6kosuchmaschine.de","publisher":{"@id":"https:\/\/www.oekosuchmaschine.de\/magazin\/#organization"},"potentialAction":[{"@type":"SearchAction","target":{"@type":"EntryPoint","urlTemplate":"https:\/\/www.oekosuchmaschine.de\/magazin\/?s={search_term_string}"},"query-input":{"@type":"PropertyValueSpecification","valueRequired":true,"valueName":"search_term_string"}}],"inLanguage":"de"},{"@type":"Organization","@id":"https:\/\/www.oekosuchmaschine.de\/magazin\/#organization","name":"\u00d6ko-Magazin","url":"https:\/\/www.oekosuchmaschine.de\/magazin\/","logo":{"@type":"ImageObject","inLanguage":"de","@id":"https:\/\/www.oekosuchmaschine.de\/magazin\/#\/schema\/logo\/image\/","url":"https:\/\/www.oekosuchmaschine.de\/magazin\/wp-content\/uploads\/2019\/01\/Logo-Magazin-NEU2-klein1.png","contentUrl":"https:\/\/www.oekosuchmaschine.de\/magazin\/wp-content\/uploads\/2019\/01\/Logo-Magazin-NEU2-klein1.png","width":519,"height":90,"caption":"\u00d6ko-Magazin"},"image":{"@id":"https:\/\/www.oekosuchmaschine.de\/magazin\/#\/schema\/logo\/image\/"}}]}},"_links":{"self":[{"href":"https:\/\/www.oekosuchmaschine.de\/magazin\/wp-json\/wp\/v2\/pages\/69","targetHints":{"allow":["GET"]}}],"collection":[{"href":"https:\/\/www.oekosuchmaschine.de\/magazin\/wp-json\/wp\/v2\/pages"}],"about":[{"href":"https:\/\/www.oekosuchmaschine.de\/magazin\/wp-json\/wp\/v2\/types\/page"}],"author":[{"embeddable":true,"href":"https:\/\/www.oekosuchmaschine.de\/magazin\/wp-json\/wp\/v2\/users\/1"}],"replies":[{"embeddable":true,"href":"https:\/\/www.oekosuchmaschine.de\/magazin\/wp-json\/wp\/v2\/comments?post=69"}],"version-history":[{"count":1,"href":"https:\/\/www.oekosuchmaschine.de\/magazin\/wp-json\/wp\/v2\/pages\/69\/revisions"}],"predecessor-version":[{"id":70,"href":"https:\/\/www.oekosuchmaschine.de\/magazin\/wp-json\/wp\/v2\/pages\/69\/revisions\/70"}],"wp:attachment":[{"href":"https:\/\/www.oekosuchmaschine.de\/magazin\/wp-json\/wp\/v2\/media?parent=69"}],"curies":[{"name":"wp","href":"https:\/\/api.w.org\/{rel}","templated":true}]}}